{"id":658,"date":"2024-12-17T12:24:05","date_gmt":"2024-12-17T12:24:05","guid":{"rendered":"https:\/\/www.finnishdistillery.fi\/?page_id=658"},"modified":"2024-12-17T13:58:31","modified_gmt":"2024-12-17T13:58:31","slug":"tarinamme-copy","status":"publish","type":"page","link":"https:\/\/www.finnishdistillery.fi\/en\/tarinamme-copy\/","title":{"rendered":"Our Story"},"content":{"rendered":"<div data-elementor-type=\"wp-page\" data-elementor-id=\"658\" class=\"elementor elementor-658\">\n\t\t\t\t\t\t<section class=\"elementor-section elementor-top-section elementor-element elementor-element-76a2e66 elementor-section-boxed elementor-section-height-default elementor-section-height-default\" data-id=\"76a2e66\" data-element_type=\"section\" data-e-type=\"section\">\n\t\t\t\t\t\t<div class=\"elementor-container elementor-column-gap-default\">\n\t\t\t\t\t<div class=\"elementor-column elementor-col-100 elementor-top-column elementor-element elementor-element-9fba7cc\" data-id=\"9fba7cc\" data-element_type=\"column\" data-e-type=\"column\">\n\t\t\t<div class=\"elementor-widget-wrap elementor-element-populated\">\n\t\t\t\t\t\t<div class=\"elementor-element elementor-element-7413333 elementor-widget elementor-widget-spacer\" data-id=\"7413333\" data-element_type=\"widget\" data-e-type=\"widget\" data-widget_type=\"spacer.default\">\n\t\t\t\t<div class=\"elementor-widget-container\">\n\t\t\t\t\t\t\t<div class=\"elementor-spacer\">\n\t\t\t<div class=\"elementor-spacer-inner\"><\/div>\n\t\t<\/div>\n\t\t\t\t\t\t<\/div>\n\t\t\t\t<\/div>\n\t\t\t\t<div class=\"elementor-element elementor-element-e88d8c8 elementor-widget elementor-widget-heading\" data-id=\"e88d8c8\" data-element_type=\"widget\" data-e-type=\"widget\" data-widget_type=\"heading.default\">\n\t\t\t\t<div class=\"elementor-widget-container\">\n\t\t\t\t\t<h1 class=\"elementor-heading-title elementor-size-default\">Our Story<\/h1>\t\t\t\t<\/div>\n\t\t\t\t<\/div>\n\t\t\t\t<div class=\"elementor-element elementor-element-b506d1c elementor-widget-divider--view-line elementor-widget elementor-widget-divider\" data-id=\"b506d1c\" data-element_type=\"widget\" data-e-type=\"widget\" data-widget_type=\"divider.default\">\n\t\t\t\t<div class=\"elementor-widget-container\">\n\t\t\t\t\t\t\t<div class=\"elementor-divider\">\n\t\t\t<span class=\"elementor-divider-separator\">\n\t\t\t\t\t\t<\/span>\n\t\t<\/div>\n\t\t\t\t\t\t<\/div>\n\t\t\t\t<\/div>\n\t\t\t\t\t<\/div>\n\t\t<\/div>\n\t\t\t\t\t<\/div>\n\t\t<\/section>\n\t\t\t\t<section class=\"elementor-section elementor-top-section elementor-element elementor-element-6b91851 elementor-section-full_width elementor-section-height-default elementor-section-height-default\" data-id=\"6b91851\" data-element_type=\"section\" data-e-type=\"section\">\n\t\t\t\t\t\t<div class=\"elementor-container elementor-column-gap-default\">\n\t\t\t\t\t<div class=\"elementor-column elementor-col-100 elementor-top-column elementor-element elementor-element-60d9d8b\" data-id=\"60d9d8b\" data-element_type=\"column\" data-e-type=\"column\">\n\t\t\t<div class=\"elementor-widget-wrap elementor-element-populated\">\n\t\t\t\t\t\t<div class=\"elementor-element elementor-element-981aa52 elementor-widget elementor-widget-text-editor\" data-id=\"981aa52\" data-element_type=\"widget\" data-e-type=\"widget\" data-widget_type=\"text-editor.default\">\n\t\t\t\t<div class=\"elementor-widget-container\">\n\t\t\t\t\t\t\t\t\t<h4>\"Close your eyes for a moment and step into the enchanting heart of the North, embraced by the magical nature of Kuusamo. Here, where the whispers of the forests, the crystal-clear waters of the lakes, and the dance of the Northern Lights tell a story from years past, Finnish Distillery Company Oy came to life.\u201d<\/h4>\t\t\t\t\t\t\t\t<\/div>\n\t\t\t\t<\/div>\n\t\t\t\t\t<\/div>\n\t\t<\/div>\n\t\t\t\t\t<\/div>\n\t\t<\/section>\n\t\t\t\t<section class=\"elementor-section elementor-top-section elementor-element elementor-element-cd3eb09 elementor-section-full_width elementor-section-height-default elementor-section-height-default\" data-id=\"cd3eb09\" data-element_type=\"section\" data-e-type=\"section\">\n\t\t\t\t\t\t<div class=\"elementor-container elementor-column-gap-default\">\n\t\t\t\t\t<div class=\"elementor-column elementor-col-100 elementor-top-column elementor-element elementor-element-6c5b1d1\" data-id=\"6c5b1d1\" data-element_type=\"column\" data-e-type=\"column\">\n\t\t\t<div class=\"elementor-widget-wrap elementor-element-populated\">\n\t\t\t\t\t\t<div class=\"elementor-element elementor-element-9dda04f elementor-widget elementor-widget-text-editor\" data-id=\"9dda04f\" data-element_type=\"widget\" data-e-type=\"widget\" data-widget_type=\"text-editor.default\">\n\t\t\t\t<div class=\"elementor-widget-container\">\n\t\t\t\t\t\t\t\t\t<p>Kitee, where our current factory stands, carries a rich tradition in the production of spirits. But our home, Kuusamo, where our new factory will be built, means more to us than just a location on the map. It's a wellspring of inspiration, flowing from pure streams and illuminated by the Northern Lights. With nearly 20 years of experience in harnessing the gifts of nature, we have a solid foundation to plan and execute our production seamlessly. For years, we dreamed of our own distillery, and when the opportunity finally came, we seized it immediately. Our vision has been clear from the start \u2013 to create only the best, using nothing but the finest ingredients. The journey of product development has been a long one, almost a six-year odyssey, before we reached the level we aspired to.<\/p><p>Our purpose is not just to create exceptional products but also to evoke emotions, create experiences, and generate stories worldwide. We want these stories to arise from passion, love, and the pure ingredients of the North. The four seasons, where the Northern Lights dance, the polar night descends, Santa Claus travels, thousands of lakes glisten, and small brooks babble, are the wellsprings of our inspiration. We hope these stories are not just for us but also for future generations. We hope they can continue to create stories and experiences, carrying forward the traditions and pride of the North.<\/p>\t\t\t\t\t\t\t\t<\/div>\n\t\t\t\t<\/div>\n\t\t\t\t\t<\/div>\n\t\t<\/div>\n\t\t\t\t\t<\/div>\n\t\t<\/section>\n\t\t\t\t<section class=\"elementor-section elementor-top-section elementor-element elementor-element-5b8fe19 elementor-section-boxed elementor-section-height-default elementor-section-height-default\" data-id=\"5b8fe19\" data-element_type=\"section\" data-e-type=\"section\">\n\t\t\t\t\t\t<div class=\"elementor-container elementor-column-gap-default\">\n\t\t\t\t\t<div class=\"elementor-column elementor-col-100 elementor-top-column elementor-element elementor-element-1cf5ff0\" data-id=\"1cf5ff0\" data-element_type=\"column\" data-e-type=\"column\">\n\t\t\t<div class=\"elementor-widget-wrap elementor-element-populated\">\n\t\t\t\t\t\t<div class=\"elementor-element elementor-element-c20b256 elementor-widget elementor-widget-text-editor\" data-id=\"c20b256\" data-element_type=\"widget\" data-e-type=\"widget\" data-widget_type=\"text-editor.default\">\n\t\t\t\t<div class=\"elementor-widget-container\">\n\t\t\t\t\t\t\t\t\t<p><em>Proud but humble,<\/em><br \/><em>Markus and Mikael<\/em><\/p>\t\t\t\t\t\t\t\t<\/div>\n\t\t\t\t<\/div>\n\t\t\t\t\t<\/div>\n\t\t<\/div>\n\t\t\t\t\t<\/div>\n\t\t<\/section>\n\t\t\t\t<section class=\"elementor-section elementor-top-section elementor-element elementor-element-304c7d2 elementor-section-boxed elementor-section-height-default elementor-section-height-default\" data-id=\"304c7d2\" data-element_type=\"section\" data-e-type=\"section\">\n\t\t\t\t\t\t<div class=\"elementor-container elementor-column-gap-default\">\n\t\t\t\t\t<div class=\"elementor-column elementor-col-100 elementor-top-column elementor-element elementor-element-b66d87a\" data-id=\"b66d87a\" data-element_type=\"column\" data-e-type=\"column\">\n\t\t\t<div class=\"elementor-widget-wrap elementor-element-populated\">\n\t\t\t\t\t\t<div class=\"elementor-element elementor-element-aeb9aea elementor-widget elementor-widget-spacer\" data-id=\"aeb9aea\" data-element_type=\"widget\" data-e-type=\"widget\" data-widget_type=\"spacer.default\">\n\t\t\t\t<div class=\"elementor-widget-container\">\n\t\t\t\t\t\t\t<div class=\"elementor-spacer\">\n\t\t\t<div class=\"elementor-spacer-inner\"><\/div>\n\t\t<\/div>\n\t\t\t\t\t\t<\/div>\n\t\t\t\t<\/div>\n\t\t\t\t\t<\/div>\n\t\t<\/div>\n\t\t\t\t\t<\/div>\n\t\t<\/section>\n\t\t\t\t<section class=\"elementor-section elementor-top-section elementor-element elementor-element-a3fc02a elementor-section-boxed elementor-section-height-default elementor-section-height-default\" data-id=\"a3fc02a\" data-element_type=\"section\" data-e-type=\"section\" data-settings=\"{&quot;background_background&quot;:&quot;classic&quot;}\">\n\t\t\t\t\t\t\t<div class=\"elementor-background-overlay\"><\/div>\n\t\t\t\t\t\t\t<div class=\"elementor-container elementor-column-gap-default\">\n\t\t\t\t\t<div class=\"elementor-column elementor-col-50 elementor-top-column elementor-element elementor-element-8342126\" data-id=\"8342126\" data-element_type=\"column\" data-e-type=\"column\">\n\t\t\t<div class=\"elementor-widget-wrap elementor-element-populated\">\n\t\t\t\t\t\t<div class=\"elementor-element elementor-element-97aca2f elementor-widget elementor-widget-image\" data-id=\"97aca2f\" data-element_type=\"widget\" data-e-type=\"widget\" data-widget_type=\"image.default\">\n\t\t\t\t<div class=\"elementor-widget-container\">\n\t\t\t\t\t\t\t\t\t\t\t\t\t\t\t<img decoding=\"async\" src=\"https:\/\/www.finnishdistillery.fi\/wp-content\/uploads\/elementor\/thumbs\/fdc_logo_valk_transparent-qfg48a0y3ik3olxw4rqcdo1ycm4q10xli3athew2n0.png\" title=\"fdc_logo_valk_transparent\" alt=\"fdc_logo_valk_transparent\" loading=\"lazy\" \/>\t\t\t\t\t\t\t\t\t\t\t\t\t\t\t<\/div>\n\t\t\t\t<\/div>\n\t\t\t\t\t<\/div>\n\t\t<\/div>\n\t\t\t\t<div class=\"elementor-column elementor-col-50 elementor-top-column elementor-element elementor-element-4e472a4\" data-id=\"4e472a4\" data-element_type=\"column\" data-e-type=\"column\">\n\t\t\t<div class=\"elementor-widget-wrap elementor-element-populated\">\n\t\t\t\t\t\t<div class=\"elementor-element elementor-element-31edfcb elementor-widget elementor-widget-image\" data-id=\"31edfcb\" data-element_type=\"widget\" data-e-type=\"widget\" data-widget_type=\"image.default\">\n\t\t\t\t<div class=\"elementor-widget-container\">\n\t\t\t\t\t\t\t\t\t\t\t\t\t\t\t<img decoding=\"async\" src=\"https:\/\/www.finnishdistillery.fi\/wp-content\/uploads\/elementor\/thumbs\/eulogot-qyn5c9j45fcbboo6gr7swnretxulr9r8pz3yvpeecy.png\" title=\"eulogot\" alt=\"eulogot\" loading=\"lazy\" \/>\t\t\t\t\t\t\t\t\t\t\t\t\t\t\t<\/div>\n\t\t\t\t<\/div>\n\t\t\t\t\t<\/div>\n\t\t<\/div>\n\t\t\t\t\t<\/div>\n\t\t<\/section>\n\t\t\t\t<\/div>","protected":false},"excerpt":{"rendered":"<p>Tarinamme \u201dKuvitelkaa hetki, kun astumme syv\u00e4lle pohjoisen taianomaiseen syd\u00e4meen, Kuusamon luonnon syleilyyn. T\u00e4\u00e4ll\u00e4, miss\u00e4 metsien humina, j\u00e4rvien kirkas vesi ja taivaalla leiskuvat revontulet kertovat tarinaa vuosien takaa, syntyi Finnish Distillery Company Oy.\u201d Kitee, miss\u00e4 tehtaamme t\u00e4ll\u00e4 hetkell\u00e4 seisoo, kantaa pitki\u00e4 perinteit\u00e4 viinan valmistuksesta. Mutta kotimme, Kuusamo, jonne uusi tehtaamme tullaan rakentamaan, on meille enemm\u00e4n kuin [&hellip;]<\/p>\n","protected":false},"author":1,"featured_media":0,"parent":0,"menu_order":0,"comment_status":"closed","ping_status":"closed","template":"","meta":{"footnotes":""},"class_list":["post-658","page","type-page","status-publish","hentry"],"yoast_head":"<!-- This site is optimized with the Yoast SEO plugin v27.5 - https:\/\/yoast.com\/product\/yoast-seo-wordpress\/ -->\n<title>Tarinamme - Finnish Distillery Company<\/title>\n<meta name=\"robots\" content=\"index, follow, max-snippet:-1, max-image-preview:large, max-video-preview:-1\" \/>\n<link rel=\"canonical\" href=\"https:\/\/www.finnishdistillery.fi\/en\/tarinamme-copy\/\" \/>\n<meta property=\"og:locale\" content=\"en_GB\" \/>\n<meta property=\"og:type\" content=\"article\" \/>\n<meta property=\"og:title\" content=\"Tarinamme - Finnish Distillery Company\" \/>\n<meta property=\"og:description\" content=\"Tarinamme \u201dKuvitelkaa hetki, kun astumme syv\u00e4lle pohjoisen taianomaiseen syd\u00e4meen, Kuusamon luonnon syleilyyn. T\u00e4\u00e4ll\u00e4, miss\u00e4 metsien humina, j\u00e4rvien kirkas vesi ja taivaalla leiskuvat revontulet kertovat tarinaa vuosien takaa, syntyi Finnish Distillery Company Oy.\u201d Kitee, miss\u00e4 tehtaamme t\u00e4ll\u00e4 hetkell\u00e4 seisoo, kantaa pitki\u00e4 perinteit\u00e4 viinan valmistuksesta. Mutta kotimme, Kuusamo, jonne uusi tehtaamme tullaan rakentamaan, on meille enemm\u00e4n kuin [&hellip;]\" \/>\n<meta property=\"og:url\" content=\"https:\/\/www.finnishdistillery.fi\/en\/tarinamme-copy\/\" \/>\n<meta property=\"og:site_name\" content=\"Finnish Distillery Company\" \/>\n<meta property=\"article:modified_time\" content=\"2024-12-17T13:58:31+00:00\" \/>\n<meta property=\"og:image\" content=\"https:\/\/www.finnishdistillery.fi\/wp-content\/uploads\/elementor\/thumbs\/fdc_logo_valk_transparent-qfg48a0y3ik3olxw4rqcdo1ycm4q10xli3athew2n0.png\" \/>\n<meta name=\"twitter:card\" content=\"summary_large_image\" \/>\n<meta name=\"twitter:label1\" content=\"Estimated reading time\" \/>\n\t<meta name=\"twitter:data1\" content=\"2 minutes\" \/>\n<script type=\"application\/ld+json\" class=\"yoast-schema-graph\">{\"@context\":\"https:\\\/\\\/schema.org\",\"@graph\":[{\"@type\":\"WebPage\",\"@id\":\"https:\\\/\\\/www.finnishdistillery.fi\\\/tarinamme-copy\\\/\",\"url\":\"https:\\\/\\\/www.finnishdistillery.fi\\\/tarinamme-copy\\\/\",\"name\":\"Tarinamme - Finnish Distillery Company\",\"isPartOf\":{\"@id\":\"https:\\\/\\\/www.finnishdistillery.fi\\\/#website\"},\"primaryImageOfPage\":{\"@id\":\"https:\\\/\\\/www.finnishdistillery.fi\\\/tarinamme-copy\\\/#primaryimage\"},\"image\":{\"@id\":\"https:\\\/\\\/www.finnishdistillery.fi\\\/tarinamme-copy\\\/#primaryimage\"},\"thumbnailUrl\":\"https:\\\/\\\/www.finnishdistillery.fi\\\/wp-content\\\/uploads\\\/elementor\\\/thumbs\\\/fdc_logo_valk_transparent-qfg48a0y3ik3olxw4rqcdo1ycm4q10xli3athew2n0.png\",\"datePublished\":\"2024-12-17T12:24:05+00:00\",\"dateModified\":\"2024-12-17T13:58:31+00:00\",\"breadcrumb\":{\"@id\":\"https:\\\/\\\/www.finnishdistillery.fi\\\/tarinamme-copy\\\/#breadcrumb\"},\"inLanguage\":\"en-GB\",\"potentialAction\":[{\"@type\":\"ReadAction\",\"target\":[\"https:\\\/\\\/www.finnishdistillery.fi\\\/tarinamme-copy\\\/\"]}]},{\"@type\":\"ImageObject\",\"inLanguage\":\"en-GB\",\"@id\":\"https:\\\/\\\/www.finnishdistillery.fi\\\/tarinamme-copy\\\/#primaryimage\",\"url\":\"https:\\\/\\\/www.finnishdistillery.fi\\\/wp-content\\\/uploads\\\/elementor\\\/thumbs\\\/fdc_logo_valk_transparent-qfg48a0y3ik3olxw4rqcdo1ycm4q10xli3athew2n0.png\",\"contentUrl\":\"https:\\\/\\\/www.finnishdistillery.fi\\\/wp-content\\\/uploads\\\/elementor\\\/thumbs\\\/fdc_logo_valk_transparent-qfg48a0y3ik3olxw4rqcdo1ycm4q10xli3athew2n0.png\"},{\"@type\":\"BreadcrumbList\",\"@id\":\"https:\\\/\\\/www.finnishdistillery.fi\\\/tarinamme-copy\\\/#breadcrumb\",\"itemListElement\":[{\"@type\":\"ListItem\",\"position\":1,\"name\":\"Etusivu\",\"item\":\"https:\\\/\\\/www.finnishdistillery.fi\\\/\"},{\"@type\":\"ListItem\",\"position\":2,\"name\":\"Tarinamme\"}]},{\"@type\":\"WebSite\",\"@id\":\"https:\\\/\\\/www.finnishdistillery.fi\\\/#website\",\"url\":\"https:\\\/\\\/www.finnishdistillery.fi\\\/\",\"name\":\"Finnish Distillery Company\",\"description\":\"Puhtaasti suomalainen panimo\",\"publisher\":{\"@id\":\"https:\\\/\\\/www.finnishdistillery.fi\\\/#organization\"},\"potentialAction\":[{\"@type\":\"SearchAction\",\"target\":{\"@type\":\"EntryPoint\",\"urlTemplate\":\"https:\\\/\\\/www.finnishdistillery.fi\\\/?s={search_term_string}\"},\"query-input\":{\"@type\":\"PropertyValueSpecification\",\"valueRequired\":true,\"valueName\":\"search_term_string\"}}],\"inLanguage\":\"en-GB\"},{\"@type\":\"Organization\",\"@id\":\"https:\\\/\\\/www.finnishdistillery.fi\\\/#organization\",\"name\":\"Finnish Distillery Company\",\"url\":\"https:\\\/\\\/www.finnishdistillery.fi\\\/\",\"logo\":{\"@type\":\"ImageObject\",\"inLanguage\":\"en-GB\",\"@id\":\"https:\\\/\\\/www.finnishdistillery.fi\\\/#\\\/schema\\\/logo\\\/image\\\/\",\"url\":\"https:\\\/\\\/www.finnishdistillery.fi\\\/wp-content\\\/uploads\\\/2024\\\/12\\\/cropped-artik-ja-lasi.png\",\"contentUrl\":\"https:\\\/\\\/www.finnishdistillery.fi\\\/wp-content\\\/uploads\\\/2024\\\/12\\\/cropped-artik-ja-lasi.png\",\"width\":1198,\"height\":1504,\"caption\":\"Finnish Distillery Company\"},\"image\":{\"@id\":\"https:\\\/\\\/www.finnishdistillery.fi\\\/#\\\/schema\\\/logo\\\/image\\\/\"}}]}<\/script>\n<!-- \/ Yoast SEO plugin. -->","yoast_head_json":{"title":"Tarinamme - Finnish Distillery Company","robots":{"index":"index","follow":"follow","max-snippet":"max-snippet:-1","max-image-preview":"max-image-preview:large","max-video-preview":"max-video-preview:-1"},"canonical":"https:\/\/www.finnishdistillery.fi\/en\/tarinamme-copy\/","og_locale":"en_GB","og_type":"article","og_title":"Tarinamme - Finnish Distillery Company","og_description":"Tarinamme \u201dKuvitelkaa hetki, kun astumme syv\u00e4lle pohjoisen taianomaiseen syd\u00e4meen, Kuusamon luonnon syleilyyn. T\u00e4\u00e4ll\u00e4, miss\u00e4 metsien humina, j\u00e4rvien kirkas vesi ja taivaalla leiskuvat revontulet kertovat tarinaa vuosien takaa, syntyi Finnish Distillery Company Oy.\u201d Kitee, miss\u00e4 tehtaamme t\u00e4ll\u00e4 hetkell\u00e4 seisoo, kantaa pitki\u00e4 perinteit\u00e4 viinan valmistuksesta. Mutta kotimme, Kuusamo, jonne uusi tehtaamme tullaan rakentamaan, on meille enemm\u00e4n kuin [&hellip;]","og_url":"https:\/\/www.finnishdistillery.fi\/en\/tarinamme-copy\/","og_site_name":"Finnish Distillery Company","article_modified_time":"2024-12-17T13:58:31+00:00","og_image":[{"url":"https:\/\/www.finnishdistillery.fi\/wp-content\/uploads\/elementor\/thumbs\/fdc_logo_valk_transparent-qfg48a0y3ik3olxw4rqcdo1ycm4q10xli3athew2n0.png","type":"","width":"","height":""}],"twitter_card":"summary_large_image","twitter_misc":{"Estimated reading time":"2 minutes"},"schema":{"@context":"https:\/\/schema.org","@graph":[{"@type":"WebPage","@id":"https:\/\/www.finnishdistillery.fi\/tarinamme-copy\/","url":"https:\/\/www.finnishdistillery.fi\/tarinamme-copy\/","name":"Tarinamme - Finnish Distillery Company","isPartOf":{"@id":"https:\/\/www.finnishdistillery.fi\/#website"},"primaryImageOfPage":{"@id":"https:\/\/www.finnishdistillery.fi\/tarinamme-copy\/#primaryimage"},"image":{"@id":"https:\/\/www.finnishdistillery.fi\/tarinamme-copy\/#primaryimage"},"thumbnailUrl":"https:\/\/www.finnishdistillery.fi\/wp-content\/uploads\/elementor\/thumbs\/fdc_logo_valk_transparent-qfg48a0y3ik3olxw4rqcdo1ycm4q10xli3athew2n0.png","datePublished":"2024-12-17T12:24:05+00:00","dateModified":"2024-12-17T13:58:31+00:00","breadcrumb":{"@id":"https:\/\/www.finnishdistillery.fi\/tarinamme-copy\/#breadcrumb"},"inLanguage":"en-GB","potentialAction":[{"@type":"ReadAction","target":["https:\/\/www.finnishdistillery.fi\/tarinamme-copy\/"]}]},{"@type":"ImageObject","inLanguage":"en-GB","@id":"https:\/\/www.finnishdistillery.fi\/tarinamme-copy\/#primaryimage","url":"https:\/\/www.finnishdistillery.fi\/wp-content\/uploads\/elementor\/thumbs\/fdc_logo_valk_transparent-qfg48a0y3ik3olxw4rqcdo1ycm4q10xli3athew2n0.png","contentUrl":"https:\/\/www.finnishdistillery.fi\/wp-content\/uploads\/elementor\/thumbs\/fdc_logo_valk_transparent-qfg48a0y3ik3olxw4rqcdo1ycm4q10xli3athew2n0.png"},{"@type":"BreadcrumbList","@id":"https:\/\/www.finnishdistillery.fi\/tarinamme-copy\/#breadcrumb","itemListElement":[{"@type":"ListItem","position":1,"name":"Etusivu","item":"https:\/\/www.finnishdistillery.fi\/"},{"@type":"ListItem","position":2,"name":"Tarinamme"}]},{"@type":"WebSite","@id":"https:\/\/www.finnishdistillery.fi\/#website","url":"https:\/\/www.finnishdistillery.fi\/","name":"Finnish Distillery Company","description":"Puhtaasti suomalainen panimo","publisher":{"@id":"https:\/\/www.finnishdistillery.fi\/#organization"},"potentialAction":[{"@type":"SearchAction","target":{"@type":"EntryPoint","urlTemplate":"https:\/\/www.finnishdistillery.fi\/?s={search_term_string}"},"query-input":{"@type":"PropertyValueSpecification","valueRequired":true,"valueName":"search_term_string"}}],"inLanguage":"en-GB"},{"@type":"Organization","@id":"https:\/\/www.finnishdistillery.fi\/#organization","name":"Finnish Distillery Company","url":"https:\/\/www.finnishdistillery.fi\/","logo":{"@type":"ImageObject","inLanguage":"en-GB","@id":"https:\/\/www.finnishdistillery.fi\/#\/schema\/logo\/image\/","url":"https:\/\/www.finnishdistillery.fi\/wp-content\/uploads\/2024\/12\/cropped-artik-ja-lasi.png","contentUrl":"https:\/\/www.finnishdistillery.fi\/wp-content\/uploads\/2024\/12\/cropped-artik-ja-lasi.png","width":1198,"height":1504,"caption":"Finnish Distillery Company"},"image":{"@id":"https:\/\/www.finnishdistillery.fi\/#\/schema\/logo\/image\/"}}]}},"_links":{"self":[{"href":"https:\/\/www.finnishdistillery.fi\/en\/wp-json\/wp\/v2\/pages\/658","targetHints":{"allow":["GET"]}}],"collection":[{"href":"https:\/\/www.finnishdistillery.fi\/en\/wp-json\/wp\/v2\/pages"}],"about":[{"href":"https:\/\/www.finnishdistillery.fi\/en\/wp-json\/wp\/v2\/types\/page"}],"author":[{"embeddable":true,"href":"https:\/\/www.finnishdistillery.fi\/en\/wp-json\/wp\/v2\/users\/1"}],"replies":[{"embeddable":true,"href":"https:\/\/www.finnishdistillery.fi\/en\/wp-json\/wp\/v2\/comments?post=658"}],"version-history":[{"count":28,"href":"https:\/\/www.finnishdistillery.fi\/en\/wp-json\/wp\/v2\/pages\/658\/revisions"}],"predecessor-version":[{"id":747,"href":"https:\/\/www.finnishdistillery.fi\/en\/wp-json\/wp\/v2\/pages\/658\/revisions\/747"}],"wp:attachment":[{"href":"https:\/\/www.finnishdistillery.fi\/en\/wp-json\/wp\/v2\/media?parent=658"}],"curies":[{"name":"wp","href":"https:\/\/api.w.org\/{rel}","templated":true}]}}